{"id":3192,"date":"2018-11-21T09:17:09","date_gmt":"2018-11-21T08:17:09","guid":{"rendered":"https:\/\/relaisdarfanta.it\/?page_id=3192"},"modified":"2025-11-19T15:43:58","modified_gmt":"2025-11-19T14:43:58","slug":"wellness","status":"publish","type":"page","link":"https:\/\/relaisdarfanta.it\/de\/wellness\/","title":{"rendered":"Wellness"},"content":{"rendered":"<div class=\"wpb-content-wrapper\"><p>[vc_row full_width=&#8220;stretch_row_content_no_spaces&#8220; css=&#8220;.vc_custom_1528362570421{background-position: center !important;background-repeat: no-repeat !important;background-size: cover !important;}&#8220;][vc_column]\n\t\t\t\t<p class=\"rs-p-wp-fix\"><\/p>\n\t\t\t\t<sr7-module data-alias=\"de-benessere\" data-id=\"59\" id=\"SR7_59_1\" class=\"rs-ov-hidden\" data-version=\"6.7.52\">\n\t\t\t\t\t<sr7-adjuster><\/sr7-adjuster>\n\t\t\t\t\t<sr7-content>\n\t\t\t\t\t\t<sr7-slide id=\"SR7_59_1-121\" data-key=\"121\">\n\t\t\t\t\t\t\t<sr7-bg id=\"SR7_59_1-121-1\" class=\"sr7-layer\"><noscript><img decoding=\"async\" src=\"https:\/\/relaisdarfanta.it\/wp-content\/uploads\/2018\/06\/relais_darfanta-0496.jpg\" alt=\"\" title=\"relais_d&#8217;arfanta-0496\"><\/noscript><\/sr7-bg>\n\t\t\t\t\t\t<\/sr7-slide>\n\t\t\t\t\t\t<sr7-slide id=\"SR7_59_1-122\" data-key=\"122\">\n\t\t\t\t\t\t\t<sr7-bg id=\"SR7_59_1-122-1\" class=\"sr7-layer\"><noscript><img decoding=\"async\" src=\"https:\/\/relaisdarfanta.it\/wp-content\/uploads\/2018\/07\/relais-mm50081.jpg\" alt=\"\" title=\"relais-mm50081\"><\/noscript><\/sr7-bg>\n\t\t\t\t\t\t<\/sr7-slide>\n\t\t\t\t\t\t<sr7-slide id=\"SR7_59_1-120\" data-key=\"120\">\n\t\t\t\t\t\t\t<sr7-bg id=\"SR7_59_1-120-1\" class=\"sr7-layer\"><noscript><img decoding=\"async\" src=\"https:\/\/relaisdarfanta.it\/wp-content\/uploads\/2018\/07\/benessere-0217.jpg\" alt=\"\" title=\"benessere-0217\"><\/noscript><\/sr7-bg>\n\t\t\t\t\t\t<\/sr7-slide>\n\t\t\t\t\t\t<sr7-slide id=\"SR7_59_1-119\" data-key=\"119\">\n\t\t\t\t\t\t\t<sr7-bg id=\"SR7_59_1-119-1\" class=\"sr7-layer\"><noscript><img decoding=\"async\" src=\"https:\/\/relaisdarfanta.it\/wp-content\/uploads\/2018\/07\/benessere-0292.jpg\" alt=\"\" title=\"benessere-0292\"><\/noscript><\/sr7-bg>\n\t\t\t\t\t\t<\/sr7-slide>\n\t\t\t\t\t\t<sr7-slide id=\"SR7_59_1-182\" data-key=\"182\">\n\t\t\t\t\t\t\t<sr7-txt id=\"SR7_59_1-182-3\" class=\"sr7-layer\">WELLNESS -  Die Rituale des wahren Wohlbefindens<\/sr7-txt>\n\t\t\t\t\t\t<\/sr7-slide>\n\t\t\t\t\t<\/sr7-content>\n\t\t\t\t\t<image_lists style=\"display:none\">\n\t\t\t\t\t\t<img data-src=\"\/\/relaisdarfanta.it\/wp-content\/uploads\/2018\/07\/benessere-0292.jpg\" width=\"0\" height=\"0\" data-dbsrc=\"Ly9yZWxhaXNkYXJmYW50YS5pdC93cC1jb250ZW50L3VwbG9hZHMvMjAxOC8wNy9iZW5lc3NlcmUtMDI5Mi5qcGc=\"\/>\n\t\t\t\t\t\t<img data-src=\"\/\/relaisdarfanta.it\/wp-content\/uploads\/2018\/07\/benessere-0217.jpg\" width=\"0\" height=\"0\" data-dbsrc=\"Ly9yZWxhaXNkYXJmYW50YS5pdC93cC1jb250ZW50L3VwbG9hZHMvMjAxOC8wNy9iZW5lc3NlcmUtMDIxNy5qcGc=\"\/>\n\t\t\t\t\t\t<img data-src=\"\/\/relaisdarfanta.it\/wp-content\/uploads\/2018\/06\/relais_darfanta-0496.jpg\" width=\"0\" height=\"0\" data-dbsrc=\"Ly9yZWxhaXNkYXJmYW50YS5pdC93cC1jb250ZW50L3VwbG9hZHMvMjAxOC8wNi9yZWxhaXNfZGFyZmFudGEtMDQ5Ni5qcGc=\"\/>\n\t\t\t\t\t\t<img data-src=\"\/\/relaisdarfanta.it\/wp-content\/uploads\/2018\/07\/relais-mm50081.jpg\" width=\"0\" height=\"0\" data-dbsrc=\"Ly9yZWxhaXNkYXJmYW50YS5pdC93cC1jb250ZW50L3VwbG9hZHMvMjAxOC8wNy9yZWxhaXMtbW01MDA4MS5qcGc=\"\/>\n\t\t\t\t\t\t<img data-src=\"\/\/relaisdarfanta.it\/wp-content\/uploads\/2018\/03\/trasparenza-bianco.png\" data-libid=\"41\" title=\"trasparenza-bianco\" width=\"0\" height=\"0\" data-dbsrc=\"Ly9yZWxhaXNkYXJmYW50YS5pdC93cC1jb250ZW50L3VwbG9hZHMvMjAxOC8wMy90cmFzcGFyZW56YS1iaWFuY28ucG5n\"\/>\n\t\t\t\t\t<\/image_lists>\n\t\t\t\t<\/sr7-module>\n\t\t\t\t<script>\n\t\t\t\t\twindow.SR7 ??={};SR7.PMH ??={}; SR7.PMH[\"SR7_59_1\"] = {cn:100,state:false,fn: function() { if (window._tpt!==undefined && window._tpt.prepareModuleHeight !== undefined) {  _tpt.prepareModuleHeight({id:\"SR7_59_1\",type:'standard',shdw:'0',gh:[800,800,650,960,720],gw:[1240,1240,1024,778,480],vpt:['-200px&#039;,&#039;-200px&#039;,&#039;-200px&#039;,&#039;-200px&#039;,&#039;-200px'],size:{fullWidth:true, fullHeight:true},fho:'#top-bar-wrap, #site-header,',mh:'0',onh:0,onw:0,bg:{color:'{\"orig\":\"transparent\",\"type\":\"solid\",\"string\":\"transparent\"}'},plType:'0',plColor:'#FFFFFF'});   SR7.PMH[\"SR7_59_1\"].state=true;} else if(SR7.PMH[\"SR7_59_1\"].cn-->0)\tsetTimeout( SR7.PMH[\"SR7_59_1\"].fn,19);}};SR7.PMH[\"SR7_59_1\" ].fn();\n\t\t\t\t<\/script>\n[\/vc_column][\/vc_row][vc_row full_width=&#8220;stretch_row&#8220; equal_height=&#8220;yes&#8220; content_placement=&#8220;top&#8220;][vc_column][vc_column_text css=&#8220;.vc_custom_1542788594445{padding-top: 25px !important;}&#8220;]<\/p>\n<h1 style=\"text-align: center;\"><em>G\u00f6nnen Sie sich s\u00fc\u00dfe Momente der Entspannung in den kompetenten H\u00e4nden von Wellness-Profis<\/em><\/h1>\n<p>[\/vc_column_text][vc_column_text]<\/p>\n<p style=\"text-align: center;\">Damit Sie es besonders schoen haben, garantieren wir Ihnen, ja nach Verfuegbarkeit, immer eine zweistuendige exclusive Benuetzung der finnischen Sauna mit tuerkischem Dampfbad, Ruheraum und Fitness-Raum mit Geraeten von Technogym.<\/p>\n<p>[\/vc_column_text][\/vc_column][\/vc_row][vc_row full_width=&#8220;stretch_row_content&#8220; equal_height=&#8220;yes&#8220; content_placement=&#8220;middle&#8220;][vc_column parallax=&#8220;content-moving&#8220; parallax_image=&#8220;1469&#8243; width=&#8220;1\/2&#8243; css=&#8220;.vc_custom_1538042877028{padding-top: 300px !important;padding-bottom: 300px !important;}&#8220; offset=&#8220;vc_hidden-xs&#8220;][\/vc_column][vc_column width=&#8220;1\/2&#8243; css=&#8220;.vc_custom_1538042698778{padding-top: 100px !important;padding-right: 100px !important;padding-bottom: 100px !important;padding-left: 100px !important;}&#8220;][vc_column_text css=&#8220;.vc_custom_1542788633389{padding-top: 25px !important;}&#8220;]<\/p>\n<h3 style=\"text-align: left;\">Wellness<\/h3>\n<p>[\/vc_column_text][vc_column_text]Um die Spannung abzubauen und das Vergn\u00fcgen einer echten Regeneration zu entdecken, bietet der Wellnessbereich des Relais d&#8217;Arfanta:<\/p>\n<ul>\n<li>Finnische Sauna<\/li>\n<li>t\u00fcrkisches Bad<\/li>\n<li>Entspannungsbereich<\/li>\n<li>Massageraum<\/li>\n<li>ausgestattetes Fitnessstudio<\/li>\n<\/ul>\n<p>[\/vc_column_text][\/vc_column][\/vc_row][vc_row full_width=&#8220;stretch_row_content&#8220; equal_height=&#8220;yes&#8220; content_placement=&#8220;middle&#8220;][vc_column parallax=&#8220;content-moving&#8220; parallax_image=&#8220;1469&#8243; width=&#8220;1\/2&#8243; css=&#8220;.vc_custom_1538042886443{padding-top: 300px !important;padding-bottom: 300px !important;}&#8220; offset=&#8220;vc_hidden-lg vc_hidden-md vc_hidden-sm&#8220;][\/vc_column][\/vc_row][vc_row full_width=&#8220;stretch_row_content&#8220; equal_height=&#8220;yes&#8220; content_placement=&#8220;middle&#8220;][vc_column parallax=&#8220;content-moving&#8220; width=&#8220;1\/2&#8243; css=&#8220;.vc_custom_1538042715012{padding-top: 150px !important;padding-right: 100px !important;padding-bottom: 150px !important;padding-left: 100px !important;}&#8220;][vc_column_text css=&#8220;.vc_custom_1542788802989{padding-top: 25px !important;}&#8220;]<\/p>\n<h3 style=\"text-align: center;\">Wellness-Rituale<\/h3>\n<p>[\/vc_column_text][vc_column_text]So sind Sie vor anderen Gaesten ungestoert und koennen besonders gut relaxen und haben die groesstmoegliche Privacy. Kleine Getraenkebar mit Tee, Mineralwasser und Power-Snack. Das beheitzbare Aussenpool (saisonal) liegt im Panoramagarten mit Blick auf die hauseigenen Prosecco- Weinberge. [\/vc_column_text][\/vc_column][vc_column parallax=&#8220;content-moving&#8220; parallax_image=&#8220;1458&#8243; width=&#8220;1\/2&#8243; css=&#8220;.vc_custom_1539249532793{padding-top: 100px !important;padding-right: 100px !important;padding-bottom: 100px !important;padding-left: 100px !important;}&#8220;][\/vc_column][\/vc_row][vc_row full_width=&#8220;stretch_row_content&#8220; equal_height=&#8220;yes&#8220; content_placement=&#8220;middle&#8220;][vc_column parallax=&#8220;content-moving&#8220; parallax_image=&#8220;1483&#8243; width=&#8220;1\/2&#8243; css=&#8220;.vc_custom_1538042898873{padding-top: 300px !important;padding-bottom: 300px !important;}&#8220; offset=&#8220;vc_hidden-xs&#8220;][\/vc_column][vc_column width=&#8220;1\/2&#8243; css=&#8220;.vc_custom_1529504916073{padding-top: 100px !important;padding-right: 100px !important;padding-bottom: 100px !important;padding-left: 100px !important;}&#8220;][vc_column_text css=&#8220;.vc_custom_1542789542076{padding-top: 25px !important;}&#8220;]<\/p>\n<h3 style=\"text-align: center;\">Sonnenuntergang ist ein unvergessliches Erlebnis<\/h3>\n<p>[\/vc_column_text][vc_column_text]<\/p>\n<p style=\"text-align: center;\">Ein letzter Schluck vom Kraeutertee bei Sonnenuntergang ist ein unvergessliches Erlebnis.<br \/>\nIn unserem kleinen SPA-Bereich arbeiten wir mit der Naturkosmetik von der italienischen Firma MEI zusammen. Die Einzigartigkeit dieser Produkte garantiert unseren Gaesten grosses Wohlbefinden und perfekte Regeneration. Die Masseurinen sind spezialisiert auf Massage oder Behandlung, die bei Mei \u201eRituale\u201c genannt werden und ein umfassendes Programm anbieten.<\/p>\n<p>[\/vc_column_text][\/vc_column][\/vc_row][vc_row full_width=&#8220;stretch_row_content&#8220; equal_height=&#8220;yes&#8220; content_placement=&#8220;middle&#8220;][vc_column parallax=&#8220;content-moving&#8220; parallax_image=&#8220;1483&#8243; width=&#8220;1\/2&#8243; css=&#8220;.vc_custom_1538042905588{padding-top: 300px !important;padding-bottom: 300px !important;}&#8220; offset=&#8220;vc_hidden-lg vc_hidden-md vc_hidden-sm&#8220;][\/vc_column][\/vc_row][vc_row css=&#8220;.vc_custom_1532104378643{padding-top: 50px !important;}&#8220;][vc_column][vc_column_text css=&#8220;.vc_custom_1542788856126{padding-top: 25px !important;}&#8220;]<img decoding=\"async\" class=\"size-full wp-image-774 aligncenter\" src=\"https:\/\/relaisdarfanta.it\/wp-content\/uploads\/2018\/05\/icona-elegante.png\" alt=\"\" width=\"25\" \/><\/p>\n<h3 style=\"text-align: center;\">WELLNESS-GALERIE<\/h3>\n<p>[\/vc_column_text][\/vc_column][\/vc_row][vc_row full_width=&#8220;stretch_row_content_no_spaces&#8220;][vc_column][vc_raw_html css=&#8220;&#8220;]JTVCbW9kdWxhJTIwaWQlM0QlMjI2MDM0JTIyJTVE[\/vc_raw_html][\/vc_column][\/vc_row][vc_row full_width=&#8220;stretch_row&#8220; content_placement=&#8220;middle&#8220; css=&#8220;.vc_custom_1537869194879{border-top-width: 2px !important;border-bottom-width: 2px !important;background-color: #a79b8f !important;border-top-color: #a79b8f !important;border-top-style: solid !important;border-bottom-color: #a79b8f !important;border-bottom-style: solid !important;}&#8220;][vc_column width=&#8220;2\/3&#8243;][vc_column_text]<\/p>\n<h3 style=\"text-align: center;\"><span style=\"color: #ffffff;\">Fordern Sie ein pers\u00f6nliches Angebot an<\/span><\/h3>\n<p>[\/vc_column_text][\/vc_column][vc_column width=&#8220;1\/3&#8243;]<div class=\" ubtn-ctn-center \"><a class=\"ubtn-link ult-adjust-bottom-margin ubtn-center ubtn-large \" href=\"https:\/\/relaisdarfanta.it\/de\/kontakte\/\" ><button type=\"button\" id=\"ubtn-3692\"  class=\"ubtn ult-adjust-bottom-margin ult-responsive ubtn-large ubtn-no-hover-bg  none  ubtn-center   tooltip-69f088af35065\"  data-hover=\"#ffffff\" data-border-color=\"#ffffff\" data-bg=\"#ffffff\" data-hover-bg=\"#a79b8f\" data-border-hover=\"#ffffff\" data-shadow-hover=\"\" data-shadow-click=\"none\" data-shadow=\"\" data-shd-shadow=\"\"  data-ultimate-target='#ubtn-3692'  data-responsive-json-new='{\"font-size\":\"desktop:25px;\",\"line-height\":\"\"}'  style=\"font-weight:normal;border-radius:0px;border-width:2px;border-color:#ffffff;border-style:solid;background: #ffffff;color: #a79b8f;\"><span class=\"ubtn-hover\" style=\"background-color:#a79b8f\"><\/span><span class=\"ubtn-data ubtn-text \" >KONTAKT<\/span><\/button><\/a><\/div>[\/vc_column][\/vc_row][vc_row bg_type=&#8220;bg_color&#8220; el_class=&#8220;form_pronota_colore&#8220;][vc_column css=&#8220;.vc_custom_1549628235672{padding-top: 0px !important;padding-bottom: 0px !important;}&#8220;]<div class=\"ult_row_spacer\"><div class=\"ult-sticky-anchor\"><div class=\"ult-sticky-section ult-sticky \"  data-stick_behaviour= 'stick_permanent' data-lr_position= 'left' data-lr_value= '0'  data-sticky_width= 'fullwidth' data-sticky_position= 'bottom' data-mobile='no' data-support='no'>[vc_row_inner content_placement=&#8220;middle&#8220; css=&#8220;.vc_custom_1549628217043{padding-top: 0px !important;padding-right: 10% !important;padding-bottom: 0px !important;padding-left: 10% !important;background-color: rgba(12,12,12,0.7) !important;*background-color: rgb(12,12,12) !important;}&#8220;][vc_column_inner width=&#8220;1\/2&#8243; css=&#8220;.vc_custom_1549367328360{padding-top: 0px !important;padding-right: 0px !important;padding-left: 0px !important;}&#8220;][vc_column_text css=&#8220;.vc_custom_1549876951355{padding-top: 0px !important;padding-bottom: 10px !important;}&#8220;]<\/p>\n<p><img decoding=\"async\" class=\"size-full wp-image-774 alignleft\" src=\"https:\/\/relaisdarfanta.it\/wp-content\/uploads\/2018\/05\/icona-elegante.png\" alt=\"\" width=\"25\" \/><\/p>\n<h3 style=\"color: #ac8079; text-align: left; font-size: 20px;\">BUCHEN<\/h3>\n<p style=\"color: #fff; font-size: 10px; font-family: Quicksand; margin-top: -20px;\">Bester verf\u00fcgborer Preis | Kostenlose Stornierung<\/p>\n<p>[\/vc_column_text][\/vc_column_inner][vc_column_inner width=&#8220;1\/2&#8243;]\n                <div class='gf_browser_gecko gform_wrapper gf_simple_horizontal_wrapper' id='gform_wrapper_4' ><form method='post' enctype='multipart\/form-data'  id='gform_4' class='gf_simple_horizontal' action='\/de\/wp-json\/wp\/v2\/pages\/3192'> \r\n <input type='hidden' class='gforms-pum' value='{\"closepopup\":false,\"closedelay\":0,\"openpopup\":false,\"openpopup_id\":0}' \/>\n                        <div class='gform_body'><ul id='gform_fields_4' class='gform_fields top_label form_sublabel_below description_below'><li id='field_4_1' class='gfield gf_inline field_sublabel_below field_description_below gfield_visibility_visible' ><label class='gfield_label' for='input_4_1' >Arrivo<\/label><div class='ginput_container ginput_container_date'>\n                            <input readonly='readonly' name='input_1' id='input_4_1' type='text' value='2026-04-28' class='datepicker medium ymd_dash datepicker_with_icon' tabindex='1'  \/>\n                        <\/div>\n                        <input readonly='readonly' type='hidden' id='gforms_calendar_icon_input_4_1' class='gform_hidden' value='https:\/\/relaisdarfanta.it\/wp-content\/plugins\/gravityforms\/images\/calendar.png'\/><\/li><li id='field_4_2' class='gfield gf_inline field_sublabel_below field_description_below gfield_visibility_visible' ><label class='gfield_label' for='input_4_2' >Partenza<\/label><div class='ginput_container ginput_container_date'>\n                            <input readonly='readonly' name='input_2' id='input_4_2' type='text' value='2026-04-28' class='datepicker medium ymd_dash datepicker_with_icon' tabindex='2'  \/>\n                        <\/div>\n                        <input readonly='readonly' type='hidden' id='gforms_calendar_icon_input_4_2' class='gform_hidden' value='https:\/\/relaisdarfanta.it\/wp-content\/plugins\/gravityforms\/images\/calendar.png'\/><\/li>\n                            <\/ul><\/div>\n        <div class='gform_footer top_label'> <input type='submit' id='gform_submit_button_4' class='gform_button button' value='BUCHEN' tabindex='3' onclick='if(window[\"gf_submitting_4\"]){return false;}  window[\"gf_submitting_4\"]=true;  ' onkeypress='if( event.keyCode == 13 ){ if(window[\"gf_submitting_4\"]){return false;} window[\"gf_submitting_4\"]=true;  jQuery(\"#gform_4\").trigger(\"submit\",[true]); }' \/> \n            <input type='hidden' class='gform_hidden' name='is_submit_4' value='1' \/>\n            <input type='hidden' class='gform_hidden' name='gform_submit' value='4' \/>\n            \n            <input type='hidden' class='gform_hidden' name='gform_unique_id' value='' \/>\n            <input type='hidden' class='gform_hidden' name='state_4' value='WyJbXSIsImNlNTJiYmNhMTIzNmQxMWZhNGUxOTVlZTRhYWQ2MTEyIl0=' \/>\n            <input type='hidden' class='gform_hidden' name='gform_target_page_number_4' id='gform_target_page_number_4' value='0' \/>\n            <input type='hidden' class='gform_hidden' name='gform_source_page_number_4' id='gform_source_page_number_4' value='1' \/>\n            <input type='hidden' name='gform_field_values' value='' \/>\n            \n        <\/div>\n                        <\/form>\n                        <\/div><script type='text\/javascript'> if(typeof gf_global == 'undefined') var gf_global = {\"gf_currency_config\":{\"name\":\"U.S. Dollar\",\"symbol_left\":\"$\",\"symbol_right\":\"\",\"symbol_padding\":\"\",\"thousand_separator\":\",\",\"decimal_separator\":\".\",\"decimals\":2},\"base_url\":\"https:\\\/\\\/relaisdarfanta.it\\\/wp-content\\\/plugins\\\/gravityforms\",\"number_formats\":[],\"spinnerUrl\":\"https:\\\/\\\/relaisdarfanta.it\\\/wp-content\\\/plugins\\\/gravityforms\\\/images\\\/spinner.gif\"};jQuery(document).bind('gform_post_render', function(event, formId, currentPage){if(formId == 4) {} } );jQuery(document).bind('gform_post_conditional_logic', function(event, formId, fields, isInit){} );<\/script><script type='text\/javascript'> jQuery(document).ready(function(){jQuery(document).trigger('gform_post_render', [4, 1]) } ); <\/script>[\/vc_column_inner][\/vc_row_inner]<\/div><div class=\"ult-space\"><\/div><\/div><\/div>[\/vc_column][\/vc_row][vc_row][vc_column][vc_column_text css=&#8220;&#8220;][vc_row full_width=\"stretch_row\" bg_type=\"bg_color\" bg_color_value=\"#ffffff\" css=\".vc_custom_1625065923226{margin-top: 6px !important;border-top-width: 2px !important;padding-top: 0px !important;border-top-color: #a79b8f !important;border-top-style: solid !important;}\" el_class=\"Footerw\"][vc_column width=\"1\/4\"][vc_column_text]<img decoding=\"async\" class=\"alignnone size-medium wp-image-771\" src=\"https:\/\/relaisdarfanta.it\/wp-content\/uploads\/2018\/05\/logo-Relais-d_Arfanta-tortora-300x111.png\" alt=\"\" width=\"180\" srcset=\"https:\/\/relaisdarfanta.it\/wp-content\/uploads\/2018\/05\/logo-Relais-d_Arfanta-tortora-300x111.png 300w, https:\/\/relaisdarfanta.it\/wp-content\/uploads\/2018\/05\/logo-Relais-d_Arfanta-tortora.png 388w\" sizes=\"(max-width: 300px) 100vw, 300px\" \/>[\/vc_column_text][vc_column_text]\r\n<p style=\"font-size: 12px;\">We are a private retreat and the whole relais is exclusively for hotel guests<\/p>\r\n[\/vc_column_text][\/vc_column][vc_column width=\"1\/4\"][vc_single_image image=\"4477\" img_size=\"172x70\" add_caption=\"yes\" onclick=\"custom_link\" img_link_target=\"_blank\" link=\"https:\/\/relaisdarfanta.it\/miles-more\/\"][\/vc_column][vc_column width=\"1\/4\"][vc_column_text]\r\n<h4 style=\"text-align: left;\">LOCATION<\/h4>\r\n[\/vc_column_text][vc_column_text]Via Molinetto, 18\r\nLocalit\u00e0 Pecol d'Arfanta\r\n31020, Tarzo (TV) Italy[\/vc_column_text][\/vc_column][vc_column width=\"1\/4\"][vc_column_text]\r\n<h4 style=\"text-align: left;\">CONTACT<\/h4>\r\n[\/vc_column_text][vc_column_text]<img loading=\"lazy\" decoding=\"async\" class=\"size-full wp-image-790 alignleft\" src=\"https:\/\/relaisdarfanta.it\/wp-content\/uploads\/2018\/04\/telefono-icona.png\" alt=\"\" width=\"18\" height=\"18\" \/>(+39) 0438 \u2013 933861\r\n<img loading=\"lazy\" decoding=\"async\" class=\"size-full wp-image-786 alignleft\" src=\"https:\/\/relaisdarfanta.it\/wp-content\/uploads\/2018\/04\/fax.png\" alt=\"\" width=\"18\" height=\"18\" \/>(+39) 0438 \u2013 933862\r\n<img loading=\"lazy\" decoding=\"async\" class=\"size-full wp-image-788 alignleft\" src=\"https:\/\/relaisdarfanta.it\/wp-content\/uploads\/2018\/04\/mail.png\" alt=\"\" width=\"18\" height=\"18\" \/>info@relaisdarfanta.it[\/vc_column_text][\/vc_column][\/vc_row][vc_row full_width=\"stretch_row_content_no_spaces\" css=\".vc_custom_1657528473868{margin-top: 0px !important;margin-bottom: 40px !important;padding-top: 0px !important;padding-right: 0px !important;padding-bottom: 0px !important;padding-left: 0px !important;background-color: #828280 !important;}\" el_class=\"color-sfondo\"][vc_column css=\".vc_custom_1549630984460{margin-top: 0px !important;margin-bottom: 0px !important;padding-top: 0px !important;padding-bottom: 0px !important;}\"][vc_column_text css=\".vc_custom_1657536524994{margin-top: 0px !important;margin-bottom: 0px !important;padding-top: 0px !important;padding-bottom: 0px !important;}\"]\r\n<p style=\"text-align: center; color: #fff; font-size: 12px;\">Copyright 2026 Relais D'Arfanta P.iva 04491820264 - Powered By <a style=\"color: #d8d8d8;\" href=\"https:\/\/crea.omitech.it\" target=\"_blank\" rel=\"noopener noreferrer\">Omitech Crea<\/a> - <a style=\"color: #d8d8d8;\" href=\"\/privacy-policy\/\" target=\"_blank\" rel=\"noopener noreferrer\">Privacy Policy<\/a> - <a style=\"color: #d8d8d8;\" href=\"\/info-legali\/\" target=\"_blank\" rel=\"noopener noreferrer\">Info legali<\/a>- <a style=\"color: #d8d8d8;\" href=\"https:\/\/relaisdarfanta.it\/informativa-sui-cookies\/\" target=\"_blank\" rel=\"noopener noreferrer\">Cookie Policy<\/a> - <a style=\"color: #d8d8d8;\" href=\"https:\/\/relaisdarfanta.it\/#gdpr_cookie_modal\" target=\"_blank\" rel=\"noopener noreferrer\">Setting dei cookie<\/a><\/p>\r\n[\/vc_column_text][\/vc_column][\/vc_row][\/vc_column_text][\/vc_column][\/vc_row]<\/p>\n<\/div>","protected":false},"excerpt":{"rendered":"<p>[vc_row full_width=&#8220;stretch_row_content_no_spaces&#8220; css=&#8220;.vc_custom_1528362570421{background-position: center !important;background-repeat: no-repeat !important;background-size: cover !important;}&#8220;][vc_column][\/vc_column][\/vc_row][vc_row full_width=&#8220;stretch_row&#8220; equal_height=&#8220;yes&#8220; content_placement=&#8220;top&#8220;][vc_column][vc_column_text css=&#8220;.vc_custom_1542788594445{padding-top: 25px !important;}&#8220;] G\u00f6nnen Sie sich s\u00fc\u00dfe Momente der Entspannung in den kompetenten H\u00e4nden von Wellness-Profis [\/vc_column_text][vc_column_text] Damit Sie es besonders schoen haben, garantieren wir Ihnen, ja nach Verfuegbarkeit, immer eine zweistuendige exclusive Benuetzung der finnischen Sauna mit tuerkischem Dampfbad, Ruheraum und Fitness-Raum [&hellip;]<\/p>\n","protected":false},"author":4,"featured_media":0,"parent":0,"menu_order":0,"comment_status":"closed","ping_status":"closed","template":"","meta":{"ocean_post_layout":"full-width","ocean_both_sidebars_style":"","ocean_both_sidebars_content_width":0,"ocean_both_sidebars_sidebars_width":0,"ocean_sidebar":"0","ocean_second_sidebar":"0","ocean_disable_margins":"enable","ocean_add_body_class":"","ocean_shortcode_before_top_bar":"","ocean_shortcode_after_top_bar":"","ocean_shortcode_before_header":"","ocean_shortcode_after_header":"","ocean_has_shortcode":"","ocean_shortcode_after_title":"","ocean_shortcode_before_footer_widgets":"","ocean_shortcode_after_footer_widgets":"","ocean_shortcode_before_footer_bottom":"","ocean_shortcode_after_footer_bottom":"","ocean_display_top_bar":"default","ocean_display_header":"default","ocean_header_style":"transparent","ocean_center_header_left_menu":"0","ocean_custom_header_template":"0","ocean_custom_logo":0,"ocean_custom_retina_logo":0,"ocean_custom_logo_max_width":0,"ocean_custom_logo_tablet_max_width":0,"ocean_custom_logo_mobile_max_width":0,"ocean_custom_logo_max_height":0,"ocean_custom_logo_tablet_max_height":0,"ocean_custom_logo_mobile_max_height":0,"ocean_header_custom_menu":"0","ocean_menu_typo_font_family":"0","ocean_menu_typo_font_subset":"","ocean_menu_typo_font_size":0,"ocean_menu_typo_font_size_tablet":0,"ocean_menu_typo_font_size_mobile":0,"ocean_menu_typo_font_size_unit":"px","ocean_menu_typo_font_weight":"","ocean_menu_typo_font_weight_tablet":"","ocean_menu_typo_font_weight_mobile":"","ocean_menu_typo_transform":"","ocean_menu_typo_transform_tablet":"","ocean_menu_typo_transform_mobile":"","ocean_menu_typo_line_height":0,"ocean_menu_typo_line_height_tablet":0,"ocean_menu_typo_line_height_mobile":0,"ocean_menu_typo_line_height_unit":"","ocean_menu_typo_spacing":0,"ocean_menu_typo_spacing_tablet":0,"ocean_menu_typo_spacing_mobile":0,"ocean_menu_typo_spacing_unit":"","ocean_menu_link_color":"","ocean_menu_link_color_hover":"","ocean_menu_link_color_active":"","ocean_menu_link_background":"","ocean_menu_link_hover_background":"","ocean_menu_link_active_background":"","ocean_menu_social_links_bg":"","ocean_menu_social_hover_links_bg":"","ocean_menu_social_links_color":"","ocean_menu_social_hover_links_color":"","ocean_disable_title":"on","ocean_disable_heading":"default","ocean_post_title":"","ocean_post_subheading":"","ocean_post_title_style":"","ocean_post_title_background_color":"","ocean_post_title_background":0,"ocean_post_title_bg_image_position":"","ocean_post_title_bg_image_attachment":"","ocean_post_title_bg_image_repeat":"","ocean_post_title_bg_image_size":"","ocean_post_title_height":0,"ocean_post_title_bg_overlay":0.5,"ocean_post_title_bg_overlay_color":"","ocean_disable_breadcrumbs":"off","ocean_breadcrumbs_color":"","ocean_breadcrumbs_separator_color":"","ocean_breadcrumbs_links_color":"","ocean_breadcrumbs_links_hover_color":"","ocean_display_footer_widgets":"default","ocean_display_footer_bottom":"default","ocean_custom_footer_template":"0","footnotes":""},"class_list":["post-3192","page","type-page","status-publish","hentry","entry"],"aioseo_notices":[],"_links":{"self":[{"href":"https:\/\/relaisdarfanta.it\/de\/wp-json\/wp\/v2\/pages\/3192","targetHints":{"allow":["GET"]}}],"collection":[{"href":"https:\/\/relaisdarfanta.it\/de\/wp-json\/wp\/v2\/pages"}],"about":[{"href":"https:\/\/relaisdarfanta.it\/de\/wp-json\/wp\/v2\/types\/page"}],"author":[{"embeddable":true,"href":"https:\/\/relaisdarfanta.it\/de\/wp-json\/wp\/v2\/users\/4"}],"replies":[{"embeddable":true,"href":"https:\/\/relaisdarfanta.it\/de\/wp-json\/wp\/v2\/comments?post=3192"}],"version-history":[{"count":16,"href":"https:\/\/relaisdarfanta.it\/de\/wp-json\/wp\/v2\/pages\/3192\/revisions"}],"predecessor-version":[{"id":6042,"href":"https:\/\/relaisdarfanta.it\/de\/wp-json\/wp\/v2\/pages\/3192\/revisions\/6042"}],"wp:attachment":[{"href":"https:\/\/relaisdarfanta.it\/de\/wp-json\/wp\/v2\/media?parent=3192"}],"curies":[{"name":"wp","href":"https:\/\/api.w.org\/{rel}","templated":true}]}}