{"id":3271,"date":"2018-11-21T16:03:23","date_gmt":"2018-11-21T15:03:23","guid":{"rendered":"https:\/\/relaisdarfanta.it\/?page_id=3271"},"modified":"2019-02-11T11:23:38","modified_gmt":"2019-02-11T10:23:38","slug":"gebiet","status":"publish","type":"page","link":"https:\/\/relaisdarfanta.it\/de\/gebiet\/","title":{"rendered":"Gebiet"},"content":{"rendered":"<div class=\"wpb-content-wrapper\"><p>[vc_row full_width=&#8220;stretch_row_content_no_spaces&#8220; css=&#8220;.vc_custom_1528362570421{background-position: center !important;background-repeat: no-repeat !important;background-size: cover !important;}&#8220;][vc_column][vc_raw_html]JTVCcmV2X3NsaWRlciUyMGFsaWFzJTNEJTIydGVycml0b3JpbyUyMiU1RA==[\/vc_raw_html][\/vc_column][\/vc_row][vc_row full_width=&#8220;stretch_row&#8220; equal_height=&#8220;yes&#8220; content_placement=&#8220;top&#8220;][vc_column][vc_column_text css=&#8220;.vc_custom_1539188637874{padding-top: 25px !important;}&#8220;]<\/p>\n<h1 style=\"text-align: center;\"><em>Un territorio unico tra arte, storia e paesaggi mazzafiato<\/em><\/h1>\n<p>[\/vc_column_text][vc_column_text]<\/p>\n<p style=\"text-align: center;\">Pernotta da Relais d\u2019Arfanta e visita Venezia, le dolomiti e la terra natale del maestro Canova. A pochi passi dal Relais potrai trovare posti unici, in questa area dedicata puoi scoprire un luogo incantato.<\/p>\n<p>[\/vc_column_text][\/vc_column][\/vc_row][vc_row full_width=&#8220;stretch_row_content&#8220; equal_height=&#8220;yes&#8220; content_placement=&#8220;middle&#8220;][vc_column parallax=&#8220;content-moving&#8220; parallax_image=&#8220;2794&#8243; width=&#8220;1\/2&#8243; css=&#8220;.vc_custom_1537971070194{padding-top: 300px !important;padding-bottom: 300px !important;}&#8220; offset=&#8220;vc_hidden-xs&#8220;][\/vc_column][vc_column width=&#8220;1\/2&#8243; css=&#8220;.vc_custom_1523026347898{padding-top: 100px !important;padding-right: 100px !important;padding-bottom: 100px !important;padding-left: 100px !important;}&#8220;][vc_column_text]<\/p>\n<h3>#ARTE #PROSECCO<\/h3>\n<p>[\/vc_column_text][vc_column_text css=&#8220;.vc_custom_1537970335026{padding-top: 25px !important;}&#8220;]<\/p>\n<h3 style=\"text-align: left;\">Il cuore della terra del Prosecco offre un\u2019infinita variet\u00e0 di esperienze:<\/h3>\n<p>[\/vc_column_text][vc_column_text]<\/p>\n<p style=\"text-align: left;\">potrai unire il dolce far niente a delle attivit\u00e0 culturali uniche, nella regione patria di personalit\u00e0 come Andrea Palladio e Antonio Canova. Non solo arte, ma anche natura, eventi e folklore: i dintorni del Relais d\u2019Arfanta ti faranno immergere completamente nel territorio. Il paesaggio non sar\u00e0 pi\u00f9 scenografia, ma protagonista della tua vacanza.<\/p>\n<p>[\/vc_column_text]<div class=\" ubtn-ctn-center \"><button type=\"button\" id=\"ubtn-9034\"  class=\"ubtn ult-adjust-bottom-margin ult-responsive ubtn-mini ubtn-no-hover-bg  ulta-wobble-horizontal  ubtn-center   tooltip-69f27fe5a58f0\"  data-hover=\"#ffffff\" data-border-color=\"#a79b8f\" data-bg=\"#ffffff\" data-hover-bg=\"#a79b8f\" data-border-hover=\"#ffffff\" data-shadow-hover=\"\" data-shadow-click=\"none\" data-shadow=\"\" data-shd-shadow=\"\"  data-ultimate-target='#ubtn-9034'  data-responsive-json-new='{\"font-size\":\"desktop:25px;\",\"line-height\":\"\"}'  style=\"font-weight:normal;border-radius:3px;border-width:2px;border-color:#a79b8f;border-style:solid;background: #ffffff;color: #a79b8f;\"><span class=\"ubtn-data ubtn-icon\"><i class=\"none\" style=\"font-size:32px;color:#ffa49d;\"><\/i><\/span><span class=\"ubtn-hover\" style=\"background-color:#a79b8f\"><\/span><span class=\"ubtn-data ubtn-text \" >LEGGI DI PI\u00d9<\/span><\/button><\/div>[\/vc_column][\/vc_row][vc_row full_width=&#8220;stretch_row_content&#8220; equal_height=&#8220;yes&#8220; content_placement=&#8220;middle&#8220;][vc_column parallax=&#8220;content-moving&#8220; parallax_image=&#8220;2794&#8243; width=&#8220;1\/2&#8243; css=&#8220;.vc_custom_1537971082512{padding-top: 300px !important;padding-bottom: 300px !important;}&#8220; offset=&#8220;vc_hidden-lg vc_hidden-md vc_hidden-sm&#8220;][\/vc_column][\/vc_row][vc_row full_width=&#8220;stretch_row_content&#8220; equal_height=&#8220;yes&#8220; content_placement=&#8220;middle&#8220;][vc_column parallax=&#8220;content-moving&#8220; width=&#8220;1\/2&#8243; css=&#8220;.vc_custom_1537973962682{padding-top: 150px !important;padding-right: 100px !important;padding-bottom: 150px !important;padding-left: 100px !important;}&#8220;][vc_column_text]<\/p>\n<h3>#PROSECCO<\/h3>\n<p>[\/vc_column_text][vc_column_text css=&#8220;.vc_custom_1537971016963{padding-top: 25px !important;}&#8220;]<\/p>\n<h3 style=\"text-align: left;\">Vivere nel cuore del Prosecco<\/h3>\n<p>[\/vc_column_text][vc_column_text]<\/p>\n<p style=\"text-align: left;\">Il territorio del Relais d\u2019Arfanta offre un intero mondo enogastronomico da scoprire. Il Prosecco DOCG vi far\u00e0 scoprire tutte le produzioni a lui vicine, come il Passito Marzemino e il Verdiso, e quelle gastronomiche, attraverso la visita alle cantine e le degustazioni. Ti accompagneremo nel percorso pi\u00f9 confortevole per non perdersi nemmeno un sorso delle specialit\u00e0 enologiche del territorio.<\/p>\n<p>[\/vc_column_text][\/vc_column][vc_column parallax=&#8220;content-moving&#8220; parallax_image=&#8220;1256&#8243; width=&#8220;1\/2&#8243; css=&#8220;.vc_custom_1537971106321{padding-top: 100px !important;padding-right: 100px !important;padding-bottom: 100px !important;padding-left: 100px !important;}&#8220;][\/vc_column][\/vc_row][vc_row full_width=&#8220;stretch_row_content&#8220; equal_height=&#8220;yes&#8220; content_placement=&#8220;middle&#8220;][vc_column parallax=&#8220;content-moving&#8220; parallax_image=&#8220;1142&#8243; width=&#8220;1\/2&#8243; css=&#8220;.vc_custom_1537973972062{padding-top: 300px !important;padding-bottom: 300px !important;}&#8220; offset=&#8220;vc_hidden-xs&#8220;][\/vc_column][vc_column width=&#8220;1\/2&#8243; css=&#8220;.vc_custom_1529504916073{padding-top: 100px !important;padding-right: 100px !important;padding-bottom: 100px !important;padding-left: 100px !important;}&#8220;][vc_column_text]<\/p>\n<h3>#BIKE #SPORT<\/h3>\n<p>[\/vc_column_text][vc_column_text css=&#8220;.vc_custom_1537971009101{padding-top: 25px !important;}&#8220;]<\/p>\n<h3 style=\"text-align: left;\">L\u2019Europa del turismo sportivo passa dal Relais d\u2019Arfanta<\/h3>\n<p>[\/vc_column_text][vc_column_text]<\/p>\n<p style=\"text-align: left;\">Ciclovie internazionali (Monaco &#8211; Venezia), l\u2019attivit\u00e0 golfistica, ma anche gli sport estremi come il deltaplano, il rafting. Tornando al ciclismo, il Relais \u00e8 vicino ai percorsi pi\u00f9 affascinanti d\u2019Europa, la ciclabile delle Dolomiti, i percorsi collinari del Prosecco, e quelli che portano alla Laguna di Venezia. Scoprite le nostre proposte pensate apposta per vivere una vacanza tra relax ed energia.<\/p>\n<p>[\/vc_column_text][\/vc_column][\/vc_row][vc_row full_width=&#8220;stretch_row_content&#8220; equal_height=&#8220;yes&#8220; content_placement=&#8220;middle&#8220;][vc_column parallax=&#8220;content-moving&#8220; parallax_image=&#8220;1143&#8243; width=&#8220;1\/2&#8243; css=&#8220;.vc_custom_1537971235592{padding-top: 300px !important;padding-bottom: 300px !important;}&#8220; offset=&#8220;vc_hidden-lg vc_hidden-md vc_hidden-sm&#8220;][\/vc_column][\/vc_row][vc_row full_width=&#8220;stretch_row_content&#8220; equal_height=&#8220;yes&#8220; content_placement=&#8220;middle&#8220;][vc_column parallax=&#8220;content-moving&#8220; width=&#8220;1\/2&#8243; css=&#8220;.vc_custom_1537974023261{padding-top: 150px !important;padding-right: 100px !important;padding-bottom: 150px !important;padding-left: 100px !important;}&#8220;][vc_column_text]<\/p>\n<h3>#UNESCO #VENEZIA\u00a0#DOLOMITI<\/h3>\n<p>[\/vc_column_text][vc_column_text css=&#8220;.vc_custom_1537971001245{padding-top: 25px !important;}&#8220;]<\/p>\n<h3 style=\"text-align: left;\">Due siti Unesco, Venezia e le Dolomiti, collegati da numerose meraviglie paesaggistiche<\/h3>\n<p>[\/vc_column_text][vc_column_text]<\/p>\n<p style=\"text-align: left;\">Laghi, fiumi e valli di inestimabile bellezza ti regaleranno ricordi indelebili vissuti nelle vicinanze del Relais. L\u2019ottima posizione di Relais d\u2019Arfanta ti permetter\u00e0 di scoprire ogni angolo di questa zona caratterizzata da arte, spiritualit\u00e0 e bellezza, anche grazie alle numerose attivit\u00e0 pensate apposta per voi: nordic walking, escursioni a piedi ma anche a cavallo immersi nella natura.<\/p>\n<p>[\/vc_column_text][\/vc_column][vc_column parallax=&#8220;content-moving&#8220; parallax_image=&#8220;2801&#8243; width=&#8220;1\/2&#8243; css=&#8220;.vc_custom_1537974028939{padding-top: 100px !important;padding-right: 100px !important;padding-bottom: 100px !important;padding-left: 100px !important;}&#8220;][\/vc_column][\/vc_row][vc_row full_width=&#8220;stretch_row_content&#8220; equal_height=&#8220;yes&#8220; content_placement=&#8220;middle&#8220;][vc_column parallax=&#8220;content-moving&#8220; parallax_image=&#8220;2804&#8243; width=&#8220;1\/2&#8243; css=&#8220;.vc_custom_1537974066845{padding-top: 300px !important;padding-bottom: 300px !important;}&#8220; offset=&#8220;vc_hidden-xs&#8220;][\/vc_column][vc_column width=&#8220;1\/2&#8243; css=&#8220;.vc_custom_1523026347898{padding-top: 100px !important;padding-right: 100px !important;padding-bottom: 100px !important;padding-left: 100px !important;}&#8220;][vc_column_text]<\/p>\n<h3>#VENEZIA\u00a0#ASOLO\u00a0#TREVISO<\/h3>\n<p>[\/vc_column_text][vc_column_text css=&#8220;.vc_custom_1537970784850{padding-top: 25px !important;}&#8220;]<\/p>\n<h3 style=\"text-align: left;\">Veneto, terra d\u2019arte da sempre. Venezia, citt\u00e0 unica al mondo, ma non solo<\/h3>\n<p>[\/vc_column_text][vc_column_text]<\/p>\n<p style=\"text-align: left;\">Attorno al Relais potrai trovare diverse citt\u00e0 ricche di bellezze architettoniche, come Treviso, Verona, Padova, Asolo, Conegliano. Ma anche nella campagna circostante le meraviglie non mancano: potrai scoprire le ville palladiane, patrimonio UNESCO, e le magnifiche ville della nobilt\u00e0 veneziana costruite lungo la Riviera del Brenta, che porta da Venezia fino a Vicenza.<\/p>\n<p>[\/vc_column_text][\/vc_column][\/vc_row][vc_row full_width=&#8220;stretch_row_content&#8220; equal_height=&#8220;yes&#8220; content_placement=&#8220;middle&#8220;][vc_column parallax=&#8220;content-moving&#8220; parallax_image=&#8220;2804&#8243; width=&#8220;1\/2&#8243; css=&#8220;.vc_custom_1537973142441{padding-top: 300px !important;padding-bottom: 300px !important;}&#8220; offset=&#8220;vc_hidden-lg vc_hidden-md vc_hidden-sm&#8220;][\/vc_column][\/vc_row][vc_row full_width=&#8220;stretch_row_content&#8220; equal_height=&#8220;yes&#8220; content_placement=&#8220;middle&#8220;][vc_column parallax=&#8220;content-moving&#8220; width=&#8220;1\/2&#8243; css=&#8220;.vc_custom_1537974088570{padding-top: 150px !important;padding-right: 100px !important;padding-bottom: 150px !important;padding-left: 100px !important;}&#8220;][vc_column_text]<\/p>\n<h3>#VENEZIA\u00a0#ROMANTICISMO<\/h3>\n<p>[\/vc_column_text][vc_column_text css=&#8220;.vc_custom_1537970991075{padding-top: 25px !important;}&#8220;]<\/p>\n<h3 style=\"text-align: left;\">Venezia ti aspetta elegante, preziosa, romantica<\/h3>\n<p>[\/vc_column_text][vc_column_text]<\/p>\n<p style=\"text-align: left;\">Gemma del panorama turistico veneto ed italiano, potr\u00e0 appagare la vostra sensibilit\u00e0 artistica con le esposizioni stabili e temporanee ospitate ai Musei del Palazzo Ducale, alla collezione Guggenheim, alla Biennale d\u2019Arte, al Palazzo Grassi, a Ca&#8216; Pesaro, Ca\u2019 D\u2019Oro, e tante altre. Sapremo consigliarvi il soggiorno pensato esattamente per vivere con tranquillit\u00e0 i capolavori dell\u2019Arte internazionale di Venezia.<\/p>\n<p>[\/vc_column_text][\/vc_column][vc_column parallax=&#8220;content-moving&#8220; parallax_image=&#8220;1188&#8243; width=&#8220;1\/2&#8243; css=&#8220;.vc_custom_1537974097426{padding-top: 100px !important;padding-right: 100px !important;padding-bottom: 100px !important;padding-left: 100px !important;}&#8220;][\/vc_column][\/vc_row][vc_row full_width=&#8220;stretch_row&#8220; bg_type=&#8220;bg_color&#8220; bg_color_value=&#8220;#ffffff&#8220; css=&#8220;.vc_custom_1549880614307{background-color: #ffffff !important;}&#8220; el_class=&#8220;form_pronota_colore&#8220;][vc_column]<div class=\"ult_row_spacer\"><div class=\"ult-sticky-anchor\"><div class=\"ult-sticky-section ult-sticky \"  data-stick_behaviour= 'stick_permanent' data-lr_position= 'left' data-lr_value= '0'  data-sticky_width= 'fullwidth' data-sticky_position= 'bottom' data-mobile='no' data-support='no'>[vc_row_inner content_placement=&#8220;middle&#8220;][vc_column_inner width=&#8220;1\/2&#8243;][vc_single_image image=&#8220;1435&#8243; img_size=&#8220;full&#8220; alignment=&#8220;center&#8220;][\/vc_column_inner][vc_column_inner width=&#8220;1\/2&#8243;]\n                <div class='gf_browser_gecko gform_wrapper gf_simple_horizontal_wrapper' id='gform_wrapper_1' ><form method='post' enctype='multipart\/form-data'  id='gform_1' class='gf_simple_horizontal' action='\/de\/wp-json\/wp\/v2\/pages\/3271'> \r\n <input type='hidden' class='gforms-pum' value='{\"closepopup\":false,\"closedelay\":0,\"openpopup\":false,\"openpopup_id\":0}' \/>\n                        <div class='gform_body'><ul id='gform_fields_1' class='gform_fields top_label form_sublabel_below description_below'><li id='field_1_1' class='gfield gf_inline field_sublabel_below field_description_below gfield_visibility_visible' ><label class='gfield_label' for='input_1_1' >Arrivo<\/label><div class='ginput_container ginput_container_date'>\n                            <input readonly='readonly' name='input_1' id='input_1_1' type='text' value='2026-04-30' class='datepicker medium ymd_dash datepicker_with_icon' tabindex='1'  \/>\n                        <\/div>\n                        <input readonly='readonly' type='hidden' id='gforms_calendar_icon_input_1_1' class='gform_hidden' value='https:\/\/relaisdarfanta.it\/wp-content\/plugins\/gravityforms\/images\/calendar.png'\/><\/li><li id='field_1_2' class='gfield gf_inline field_sublabel_below field_description_below gfield_visibility_visible' ><label class='gfield_label' for='input_1_2' >Partenza<\/label><div class='ginput_container ginput_container_date'>\n                            <input readonly='readonly' name='input_2' id='input_1_2' type='text' value='2026-04-30' class='datepicker medium ymd_dash datepicker_with_icon' tabindex='2'  \/>\n                        <\/div>\n                        <input readonly='readonly' type='hidden' id='gforms_calendar_icon_input_1_2' class='gform_hidden' value='https:\/\/relaisdarfanta.it\/wp-content\/plugins\/gravityforms\/images\/calendar.png'\/><\/li>\n                            <\/ul><\/div>\n        <div class='gform_footer top_label'> <input type='submit' id='gform_submit_button_1' class='gform_button button' value='PRENOTA' tabindex='3' onclick='if(window[\"gf_submitting_1\"]){return false;}  window[\"gf_submitting_1\"]=true;  ' onkeypress='if( event.keyCode == 13 ){ if(window[\"gf_submitting_1\"]){return false;} window[\"gf_submitting_1\"]=true;  jQuery(\"#gform_1\").trigger(\"submit\",[true]); }' \/> \n            <input type='hidden' class='gform_hidden' name='is_submit_1' value='1' \/>\n            <input type='hidden' class='gform_hidden' name='gform_submit' value='1' \/>\n            \n            <input type='hidden' class='gform_hidden' name='gform_unique_id' value='' \/>\n            <input type='hidden' class='gform_hidden' name='state_1' value='WyJbXSIsImNlNTJiYmNhMTIzNmQxMWZhNGUxOTVlZTRhYWQ2MTEyIl0=' \/>\n            <input type='hidden' class='gform_hidden' name='gform_target_page_number_1' id='gform_target_page_number_1' value='0' \/>\n            <input type='hidden' class='gform_hidden' name='gform_source_page_number_1' id='gform_source_page_number_1' value='1' \/>\n            <input type='hidden' name='gform_field_values' value='' \/>\n            \n        <\/div>\n                        <\/form>\n                        <\/div><script type='text\/javascript'> if(typeof gf_global == 'undefined') var gf_global = {\"gf_currency_config\":{\"name\":\"U.S. Dollar\",\"symbol_left\":\"$\",\"symbol_right\":\"\",\"symbol_padding\":\"\",\"thousand_separator\":\",\",\"decimal_separator\":\".\",\"decimals\":2},\"base_url\":\"https:\\\/\\\/relaisdarfanta.it\\\/wp-content\\\/plugins\\\/gravityforms\",\"number_formats\":[],\"spinnerUrl\":\"https:\\\/\\\/relaisdarfanta.it\\\/wp-content\\\/plugins\\\/gravityforms\\\/images\\\/spinner.gif\"};jQuery(document).bind('gform_post_render', function(event, formId, currentPage){if(formId == 1) {} } );jQuery(document).bind('gform_post_conditional_logic', function(event, formId, fields, isInit){} );<\/script><script type='text\/javascript'> jQuery(document).ready(function(){jQuery(document).trigger('gform_post_render', [1, 1]) } ); <\/script>[\/vc_column_inner][\/vc_row_inner]<\/div><div class=\"ult-space\"><\/div><\/div><\/div>[\/vc_column][\/vc_row]<\/p>\n<\/div>","protected":false},"excerpt":{"rendered":"<p>[vc_row full_width=&#8220;stretch_row_content_no_spaces&#8220; css=&#8220;.vc_custom_1528362570421{background-position: center !important;background-repeat: no-repeat !important;background-size: cover !important;}&#8220;][vc_column][vc_raw_html]JTVCcmV2X3NsaWRlciUyMGFsaWFzJTNEJTIydGVycml0b3JpbyUyMiU1RA==[\/vc_raw_html][\/vc_column][\/vc_row][vc_row full_width=&#8220;stretch_row&#8220; equal_height=&#8220;yes&#8220; content_placement=&#8220;top&#8220;][vc_column][vc_column_text css=&#8220;.vc_custom_1539188637874{padding-top: 25px !important;}&#8220;] Un territorio unico tra arte, storia e paesaggi mazzafiato [\/vc_column_text][vc_column_text] Pernotta da Relais d\u2019Arfanta e visita Venezia, le dolomiti e la terra natale del maestro Canova. A pochi passi dal Relais potrai trovare posti unici, in questa area dedicata puoi [&hellip;]<\/p>\n","protected":false},"author":1,"featured_media":0,"parent":0,"menu_order":0,"comment_status":"closed","ping_status":"closed","template":"","meta":{"ocean_post_layout":"full-width","ocean_both_sidebars_style":"","ocean_both_sidebars_content_width":0,"ocean_both_sidebars_sidebars_width":0,"ocean_sidebar":"0","ocean_second_sidebar":"0","ocean_disable_margins":"enable","ocean_add_body_class":"","ocean_shortcode_before_top_bar":"","ocean_shortcode_after_top_bar":"","ocean_shortcode_before_header":"","ocean_shortcode_after_header":"","ocean_has_shortcode":"","ocean_shortcode_after_title":"","ocean_shortcode_before_footer_widgets":"","ocean_shortcode_after_footer_widgets":"","ocean_shortcode_before_footer_bottom":"","ocean_shortcode_after_footer_bottom":"","ocean_display_top_bar":"default","ocean_display_header":"default","ocean_header_style":"transparent","ocean_center_header_left_menu":"0","ocean_custom_header_template":"0","ocean_custom_logo":0,"ocean_custom_retina_logo":0,"ocean_custom_logo_max_width":0,"ocean_custom_logo_tablet_max_width":0,"ocean_custom_logo_mobile_max_width":0,"ocean_custom_logo_max_height":0,"ocean_custom_logo_tablet_max_height":0,"ocean_custom_logo_mobile_max_height":0,"ocean_header_custom_menu":"0","ocean_menu_typo_font_family":"0","ocean_menu_typo_font_subset":"","ocean_menu_typo_font_size":0,"ocean_menu_typo_font_size_tablet":0,"ocean_menu_typo_font_size_mobile":0,"ocean_menu_typo_font_size_unit":"px","ocean_menu_typo_font_weight":"","ocean_menu_typo_font_weight_tablet":"","ocean_menu_typo_font_weight_mobile":"","ocean_menu_typo_transform":"","ocean_menu_typo_transform_tablet":"","ocean_menu_typo_transform_mobile":"","ocean_menu_typo_line_height":0,"ocean_menu_typo_line_height_tablet":0,"ocean_menu_typo_line_height_mobile":0,"ocean_menu_typo_line_height_unit":"","ocean_menu_typo_spacing":0,"ocean_menu_typo_spacing_tablet":0,"ocean_menu_typo_spacing_mobile":0,"ocean_menu_typo_spacing_unit":"","ocean_menu_link_color":"","ocean_menu_link_color_hover":"","ocean_menu_link_color_active":"","ocean_menu_link_background":"","ocean_menu_link_hover_background":"","ocean_menu_link_active_background":"","ocean_menu_social_links_bg":"","ocean_menu_social_hover_links_bg":"","ocean_menu_social_links_color":"","ocean_menu_social_hover_links_color":"","ocean_disable_title":"on","ocean_disable_heading":"default","ocean_post_title":"","ocean_post_subheading":"","ocean_post_title_style":"","ocean_post_title_background_color":"","ocean_post_title_background":0,"ocean_post_title_bg_image_position":"","ocean_post_title_bg_image_attachment":"","ocean_post_title_bg_image_repeat":"","ocean_post_title_bg_image_size":"","ocean_post_title_height":0,"ocean_post_title_bg_overlay":0.5,"ocean_post_title_bg_overlay_color":"","ocean_disable_breadcrumbs":"off","ocean_breadcrumbs_color":"","ocean_breadcrumbs_separator_color":"","ocean_breadcrumbs_links_color":"","ocean_breadcrumbs_links_hover_color":"","ocean_display_footer_widgets":"default","ocean_display_footer_bottom":"default","ocean_custom_footer_template":"0","footnotes":""},"class_list":["post-3271","page","type-page","status-publish","hentry","entry"],"aioseo_notices":[],"_links":{"self":[{"href":"https:\/\/relaisdarfanta.it\/de\/wp-json\/wp\/v2\/pages\/3271","targetHints":{"allow":["GET"]}}],"collection":[{"href":"https:\/\/relaisdarfanta.it\/de\/wp-json\/wp\/v2\/pages"}],"about":[{"href":"https:\/\/relaisdarfanta.it\/de\/wp-json\/wp\/v2\/types\/page"}],"author":[{"embeddable":true,"href":"https:\/\/relaisdarfanta.it\/de\/wp-json\/wp\/v2\/users\/1"}],"replies":[{"embeddable":true,"href":"https:\/\/relaisdarfanta.it\/de\/wp-json\/wp\/v2\/comments?post=3271"}],"version-history":[{"count":3,"href":"https:\/\/relaisdarfanta.it\/de\/wp-json\/wp\/v2\/pages\/3271\/revisions"}],"predecessor-version":[{"id":3621,"href":"https:\/\/relaisdarfanta.it\/de\/wp-json\/wp\/v2\/pages\/3271\/revisions\/3621"}],"wp:attachment":[{"href":"https:\/\/relaisdarfanta.it\/de\/wp-json\/wp\/v2\/media?parent=3271"}],"curies":[{"name":"wp","href":"https:\/\/api.w.org\/{rel}","templated":true}]}}