{"id":4552,"date":"2020-06-10T17:18:50","date_gmt":"2020-06-10T15:18:50","guid":{"rendered":"https:\/\/relaisdarfanta.it\/?page_id=4552"},"modified":"2020-06-10T17:20:17","modified_gmt":"2020-06-10T15:20:17","slug":"s","status":"publish","type":"page","link":"https:\/\/relaisdarfanta.it\/de\/s\/","title":{"rendered":"s"},"content":{"rendered":"<div class=\"wpb-content-wrapper\"><p>[vc_row][vc_column][vc_column_text css=&#8220;.vc_custom_1591802397250{padding-top: 25px !important;}&#8220;]<\/p>\n<p><img decoding=\"async\" class=\"size-full wp-image-774 aligncenter\" src=\"https:\/\/relaisdarfanta.it\/wp-content\/uploads\/2018\/05\/icona-elegante.png\" alt=\"\" width=\"25\" \/><\/p>\n<h3 style=\"text-align: center;\">Mit Romantik Pr\u00e4mien sammeln f\u00fcr Miles &amp; More<\/h3>\n<p>[\/vc_column_text][vc_column_text]<\/p>\n<p>In unserem Romantik Hotel sowie in allen 200 Romantik Hotels &amp; Restaurants europaweit werden Reisetr\u00e4ume wahr! Sammeln Sie mit uns wertvolle Pr\u00e4mienmeilen. Verbringen Sie erlebnisreichte Tage und genie\u00dfen Sie kulinarische H\u00f6hepunkte in Ihrem Romantik Hotel.<\/p>\n<p>Miles &amp; More \u2013 das Vielflieger- und Pr\u00e4mienprogramm Meilen mit Tradition: Ber\u00fchmt wurde Miles &amp; More als f\u00fchrendes Vielfliegerprogramm Europas. 1993 mit sieben Partnern aus Hotellerie und Autovermietung gegr\u00fcndet, verf\u00fcgt Miles &amp; More \u00fcber 27 Millionen Teilnehmer, 26 Star Alliance Partnern und neun weitere Miles &amp; More Airline-Partner. Heute ist Miles &amp; More mehr als ein Vielfliegerprogramm. Als Pr\u00e4mien- und Vielfliegerprogramm ist Miles &amp; More mit \u00fcber 350 Partnerunternehmen \u201eam Boden\u201c vernetzt. Dort k\u00f6nnen Miles &amp; More Teilnehmer attraktive Markenprodukte w\u00e4hlen und Meilen sammeln. Dabei bieten Miles &amp; More Partner ein breites Angebot aus den unterschiedlichsten Lebensbereichen wie Mode, Elektronik, Wellness, Lifestyle, Kulinarik. Miles &amp; More \u2013 an Bord und am Boden Meilen sammeln und f\u00fcr Pr\u00e4mien einl\u00f6sen. Melden Sie sich jetzt kostenlos an auf miles-and-more.com\/anmeldung Konditionen Bei uns erhalten Sie 500 Pr\u00e4mienmeilen pro Nacht (max. 1.500 Pr\u00e4mienmeilen pro Aufenthalt), die bei direkter Buchung \u00fcber unsere Webseite, www.romantikhotels.com, oder via Telefon gesammelt werden (Buchungen \u00fcber Dritte sind ausgeschlossen). Mit jedem Euro Umsatz im Hotel, Restaurant, Spa und\/oder f\u00fcr weitere Dienstleistungen vergeben wir eine weitere Pr\u00e4mienmeile (keine Pr\u00e4mienmeilen f\u00fcr externe Leistungen). Und so funktioniert\u2019s: Bei Online und telefonischer Buchung oder Leistungen im Hotel (Restaurantbesuch, WellnessAnwendung) erfolgt die Meilengutschrift im Nachgang per Fotogutschrift \u00fcber die Miles &amp; More App. Diese finden Sie im Men\u00fcpunkt \u201eMehr &gt; Meilengutschrift &gt; Shopping\u201c. Zeigen Sie bei der Abreise Ihre Miles &amp; More Servicekarte, damit Ihre Rechnung gekennzeichnet wird. Entdecken Sie mit Romantik das gr\u00f6\u00dfte Pr\u00e4mien- und Vielfliegerprogramm Europas und belohnen Sie sich mit einem Aufenthalt in unserem Hotel!<\/p>\n<p>Ausgeschlossen von der Meilenincentivierung sind Gruppenbuchungen, Firmenraten, Feiern und RomantikCard und Romantik Pass.<\/p>\n<p>[\/vc_column_text][\/vc_column][\/vc_row][vc_row bg_type=&#8220;bg_color&#8220; el_class=&#8220;form_pronota_colore&#8220;][vc_column css=&#8220;.vc_custom_1549628235672{padding-top: 0px !important;padding-bottom: 0px !important;}&#8220;]<div class=\"ult_row_spacer\"><div class=\"ult-sticky-anchor\"><div class=\"ult-sticky-section ult-sticky \"  data-stick_behaviour= 'stick_permanent' data-lr_position= 'left' data-lr_value= '0'  data-sticky_width= 'fullwidth' data-sticky_position= 'bottom' data-mobile='no' data-support='no'>[vc_row_inner content_placement=&#8220;middle&#8220; css=&#8220;.vc_custom_1549628217043{padding-top: 0px !important;padding-right: 10% !important;padding-bottom: 0px !important;padding-left: 10% !important;background-color: rgba(12,12,12,0.7) !important;*background-color: rgb(12,12,12) !important;}&#8220;][vc_column_inner width=&#8220;1\/2&#8243; css=&#8220;.vc_custom_1549367328360{padding-top: 0px !important;padding-right: 0px !important;padding-left: 0px !important;}&#8220;][vc_column_text css=&#8220;.vc_custom_1549370225619{padding-top: 0px !important;padding-bottom: 10px !important;}&#8220;]<img decoding=\"async\" class=\"size-full wp-image-774 alignleft\" src=\"https:\/\/relaisdarfanta.it\/wp-content\/uploads\/2018\/05\/icona-elegante.png\" alt=\"\" width=\"25\" \/><\/p>\n<h3 style=\"color: #ac8079; text-align: left; font-size: 20px;\">PRENOTA<\/h3>\n<p style=\"color: #fff; font-size: 10px; font-family: Quicksand; margin-top: -20px;\">Miglior tariffa disponibile | Cancellazione gratuita<\/p>\n<p>[\/vc_column_text][\/vc_column_inner][vc_column_inner width=&#8220;1\/2&#8243;]\n                <div class='gf_browser_gecko gform_wrapper gf_simple_horizontal_wrapper' id='gform_wrapper_1' ><form method='post' enctype='multipart\/form-data'  id='gform_1' class='gf_simple_horizontal' action='\/de\/wp-json\/wp\/v2\/pages\/4552'> \r\n <input type='hidden' class='gforms-pum' value='{\"closepopup\":false,\"closedelay\":0,\"openpopup\":false,\"openpopup_id\":0}' \/>\n                        <div class='gform_body'><ul id='gform_fields_1' class='gform_fields top_label form_sublabel_below description_below'><li id='field_1_1' class='gfield gf_inline field_sublabel_below field_description_below gfield_visibility_visible' ><label class='gfield_label' for='input_1_1' >Arrivo<\/label><div class='ginput_container ginput_container_date'>\n                            <input readonly='readonly' name='input_1' id='input_1_1' type='text' value='2026-05-05' class='datepicker medium ymd_dash datepicker_with_icon' tabindex='1'  \/>\n                        <\/div>\n                        <input readonly='readonly' type='hidden' id='gforms_calendar_icon_input_1_1' class='gform_hidden' value='https:\/\/relaisdarfanta.it\/wp-content\/plugins\/gravityforms\/images\/calendar.png'\/><\/li><li id='field_1_2' class='gfield gf_inline field_sublabel_below field_description_below gfield_visibility_visible' ><label class='gfield_label' for='input_1_2' >Partenza<\/label><div class='ginput_container ginput_container_date'>\n                            <input readonly='readonly' name='input_2' id='input_1_2' type='text' value='2026-05-05' class='datepicker medium ymd_dash datepicker_with_icon' tabindex='2'  \/>\n                        <\/div>\n                        <input readonly='readonly' type='hidden' id='gforms_calendar_icon_input_1_2' class='gform_hidden' value='https:\/\/relaisdarfanta.it\/wp-content\/plugins\/gravityforms\/images\/calendar.png'\/><\/li>\n                            <\/ul><\/div>\n        <div class='gform_footer top_label'> <input type='submit' id='gform_submit_button_1' class='gform_button button' value='PRENOTA' tabindex='3' onclick='if(window[\"gf_submitting_1\"]){return false;}  window[\"gf_submitting_1\"]=true;  ' onkeypress='if( event.keyCode == 13 ){ if(window[\"gf_submitting_1\"]){return false;} window[\"gf_submitting_1\"]=true;  jQuery(\"#gform_1\").trigger(\"submit\",[true]); }' \/> \n            <input type='hidden' class='gform_hidden' name='is_submit_1' value='1' \/>\n            <input type='hidden' class='gform_hidden' name='gform_submit' value='1' \/>\n            \n            <input type='hidden' class='gform_hidden' name='gform_unique_id' value='' \/>\n            <input type='hidden' class='gform_hidden' name='state_1' value='WyJbXSIsImNlNTJiYmNhMTIzNmQxMWZhNGUxOTVlZTRhYWQ2MTEyIl0=' \/>\n            <input type='hidden' class='gform_hidden' name='gform_target_page_number_1' id='gform_target_page_number_1' value='0' \/>\n            <input type='hidden' class='gform_hidden' name='gform_source_page_number_1' id='gform_source_page_number_1' value='1' \/>\n            <input type='hidden' name='gform_field_values' value='' \/>\n            \n        <\/div>\n                        <\/form>\n                        <\/div><script type='text\/javascript'> if(typeof gf_global == 'undefined') var gf_global = {\"gf_currency_config\":{\"name\":\"U.S. Dollar\",\"symbol_left\":\"$\",\"symbol_right\":\"\",\"symbol_padding\":\"\",\"thousand_separator\":\",\",\"decimal_separator\":\".\",\"decimals\":2},\"base_url\":\"https:\\\/\\\/relaisdarfanta.it\\\/wp-content\\\/plugins\\\/gravityforms\",\"number_formats\":[],\"spinnerUrl\":\"https:\\\/\\\/relaisdarfanta.it\\\/wp-content\\\/plugins\\\/gravityforms\\\/images\\\/spinner.gif\"};jQuery(document).bind('gform_post_render', function(event, formId, currentPage){if(formId == 1) {} } );jQuery(document).bind('gform_post_conditional_logic', function(event, formId, fields, isInit){} );<\/script><script type='text\/javascript'> jQuery(document).ready(function(){jQuery(document).trigger('gform_post_render', [1, 1]) } ); <\/script>[\/vc_column_inner][\/vc_row_inner]<\/div><div class=\"ult-space\"><\/div><\/div><\/div>[\/vc_column][\/vc_row]<\/p>\n<\/div>","protected":false},"excerpt":{"rendered":"<p>[vc_row][vc_column][vc_column_text css=&#8220;.vc_custom_1591802397250{padding-top: 25px !important;}&#8220;] Mit Romantik Pr\u00e4mien sammeln f\u00fcr Miles &amp; More [\/vc_column_text][vc_column_text] In unserem Romantik Hotel sowie in allen 200 Romantik Hotels &amp; Restaurants europaweit werden Reisetr\u00e4ume wahr! Sammeln Sie mit uns wertvolle Pr\u00e4mienmeilen. Verbringen Sie erlebnisreichte Tage und genie\u00dfen Sie kulinarische H\u00f6hepunkte in Ihrem Romantik Hotel. Miles &amp; More \u2013 das Vielflieger- und [&hellip;]<\/p>\n","protected":false},"author":4,"featured_media":0,"parent":0,"menu_order":0,"comment_status":"closed","ping_status":"closed","template":"","meta":{"ocean_post_layout":"","ocean_both_sidebars_style":"","ocean_both_sidebars_content_width":0,"ocean_both_sidebars_sidebars_width":0,"ocean_sidebar":"0","ocean_second_sidebar":"0","ocean_disable_margins":"enable","ocean_add_body_class":"","ocean_shortcode_before_top_bar":"","ocean_shortcode_after_top_bar":"","ocean_shortcode_before_header":"","ocean_shortcode_after_header":"","ocean_has_shortcode":"","ocean_shortcode_after_title":"","ocean_shortcode_before_footer_widgets":"","ocean_shortcode_after_footer_widgets":"","ocean_shortcode_before_footer_bottom":"","ocean_shortcode_after_footer_bottom":"","ocean_display_top_bar":"default","ocean_display_header":"default","ocean_header_style":"","ocean_center_header_left_menu":"0","ocean_custom_header_template":"0","ocean_custom_logo":0,"ocean_custom_retina_logo":0,"ocean_custom_logo_max_width":0,"ocean_custom_logo_tablet_max_width":0,"ocean_custom_logo_mobile_max_width":0,"ocean_custom_logo_max_height":0,"ocean_custom_logo_tablet_max_height":0,"ocean_custom_logo_mobile_max_height":0,"ocean_header_custom_menu":"0","ocean_menu_typo_font_family":"0","ocean_menu_typo_font_subset":"","ocean_menu_typo_font_size":0,"ocean_menu_typo_font_size_tablet":0,"ocean_menu_typo_font_size_mobile":0,"ocean_menu_typo_font_size_unit":"px","ocean_menu_typo_font_weight":"","ocean_menu_typo_font_weight_tablet":"","ocean_menu_typo_font_weight_mobile":"","ocean_menu_typo_transform":"","ocean_menu_typo_transform_tablet":"","ocean_menu_typo_transform_mobile":"","ocean_menu_typo_line_height":0,"ocean_menu_typo_line_height_tablet":0,"ocean_menu_typo_line_height_mobile":0,"ocean_menu_typo_line_height_unit":"","ocean_menu_typo_spacing":0,"ocean_menu_typo_spacing_tablet":0,"ocean_menu_typo_spacing_mobile":0,"ocean_menu_typo_spacing_unit":"","ocean_menu_link_color":"","ocean_menu_link_color_hover":"","ocean_menu_link_color_active":"","ocean_menu_link_background":"","ocean_menu_link_hover_background":"","ocean_menu_link_active_background":"","ocean_menu_social_links_bg":"","ocean_menu_social_hover_links_bg":"","ocean_menu_social_links_color":"","ocean_menu_social_hover_links_color":"","ocean_disable_title":"default","ocean_disable_heading":"default","ocean_post_title":"","ocean_post_subheading":"","ocean_post_title_style":"","ocean_post_title_background_color":"","ocean_post_title_background":0,"ocean_post_title_bg_image_position":"","ocean_post_title_bg_image_attachment":"","ocean_post_title_bg_image_repeat":"","ocean_post_title_bg_image_size":"","ocean_post_title_height":0,"ocean_post_title_bg_overlay":0.5,"ocean_post_title_bg_overlay_color":"","ocean_disable_breadcrumbs":"default","ocean_breadcrumbs_color":"","ocean_breadcrumbs_separator_color":"","ocean_breadcrumbs_links_color":"","ocean_breadcrumbs_links_hover_color":"","ocean_display_footer_widgets":"default","ocean_display_footer_bottom":"default","ocean_custom_footer_template":"0","footnotes":""},"class_list":["post-4552","page","type-page","status-publish","hentry","entry"],"aioseo_notices":[],"_links":{"self":[{"href":"https:\/\/relaisdarfanta.it\/de\/wp-json\/wp\/v2\/pages\/4552","targetHints":{"allow":["GET"]}}],"collection":[{"href":"https:\/\/relaisdarfanta.it\/de\/wp-json\/wp\/v2\/pages"}],"about":[{"href":"https:\/\/relaisdarfanta.it\/de\/wp-json\/wp\/v2\/types\/page"}],"author":[{"embeddable":true,"href":"https:\/\/relaisdarfanta.it\/de\/wp-json\/wp\/v2\/users\/4"}],"replies":[{"embeddable":true,"href":"https:\/\/relaisdarfanta.it\/de\/wp-json\/wp\/v2\/comments?post=4552"}],"version-history":[{"count":2,"href":"https:\/\/relaisdarfanta.it\/de\/wp-json\/wp\/v2\/pages\/4552\/revisions"}],"predecessor-version":[{"id":4554,"href":"https:\/\/relaisdarfanta.it\/de\/wp-json\/wp\/v2\/pages\/4552\/revisions\/4554"}],"wp:attachment":[{"href":"https:\/\/relaisdarfanta.it\/de\/wp-json\/wp\/v2\/media?parent=4552"}],"curies":[{"name":"wp","href":"https:\/\/api.w.org\/{rel}","templated":true}]}}